{"id":257,"date":"2025-08-19T14:09:07","date_gmt":"2025-08-19T17:09:07","guid":{"rendered":"http:\/\/localhost\/EPWP1\/?page_id=257"},"modified":"2025-08-19T14:19:35","modified_gmt":"2025-08-19T17:19:35","slug":"sobrenosotros","status":"publish","type":"page","link":"https:\/\/emarphone.com.ar\/EPWP1\/sobrenosotros\/","title":{"rendered":"SOBRE NOSOTROS"},"content":{"rendered":"\t\t<div data-elementor-type=\"wp-page\" data-elementor-id=\"257\" class=\"elementor elementor-257\">\n\t\t\t\t<div class=\"elementor-element elementor-element-aeb814a e-flex e-con-boxed e-con e-parent\" data-id=\"aeb814a\" data-element_type=\"container\" data-e-type=\"container\">\n\t\t\t\t\t<div class=\"e-con-inner\">\n\t\t\t\t<div class=\"elementor-element elementor-element-0bb4b5c elementor-position-right elementor-vertical-align-middle elementor-widget elementor-widget-image-box\" data-id=\"0bb4b5c\" data-element_type=\"widget\" data-e-type=\"widget\" data-widget_type=\"image-box.default\">\n\t\t\t\t\t<div class=\"elementor-image-box-wrapper\"><figure class=\"elementor-image-box-img\"><img fetchpriority=\"high\" decoding=\"async\" width=\"1032\" height=\"774\" src=\"https:\/\/emarphone.com.ar\/EPWP1\/wp-content\/uploads\/2025\/08\/Hmayo.jpeg\" class=\"attachment-full size-full wp-image-259\" alt=\"\" srcset=\"https:\/\/emarphone.com.ar\/EPWP1\/wp-content\/uploads\/2025\/08\/Hmayo.jpeg 1032w, https:\/\/emarphone.com.ar\/EPWP1\/wp-content\/uploads\/2025\/08\/Hmayo-300x225.jpeg 300w, https:\/\/emarphone.com.ar\/EPWP1\/wp-content\/uploads\/2025\/08\/Hmayo-1024x768.jpeg 1024w, https:\/\/emarphone.com.ar\/EPWP1\/wp-content\/uploads\/2025\/08\/Hmayo-768x576.jpeg 768w\" sizes=\"(max-width: 1032px) 100vw, 1032px\" \/><\/figure><div class=\"elementor-image-box-content\"><h3 class=\"elementor-image-box-title\">SOBRE SONOTROS<\/h3><p class=\"elementor-image-box-description\">Es una empresa familiar de la ciudad de Pergamino, provincia de Buenos Aires, que naci\u00f3 en el a\u00f1o 2010 y comenz\u00f3 su actividad como agente Oficial de Claro en enero de 2011.\nTiene sus ra\u00edces en Emar Ingenier\u00eda SRL, empresa creada en el a\u00f1o 1 tomando la agencia Oficial del aquel entonces CTI M\u00f3vil en agosto de 1994.\nActualmente la casa central se encuentra en la ciudad de Pergamino y cuenta adem\u00e1s con locales comerciales en las localidades de Junin (Bs As), Santa Fe capital, Reconquista (Santa Fe) y Parana en la provincia de Entre Rios. Comercializa todos los productos junto con una gama de accesorios de para celulares.\nEn estos 10 a\u00f1os hemos crecido y desarrollado una amplia red de distribuci\u00f3n que nos permite llegar de manera directa con las sim y las recargas a m\u00e1s de 1000 puntos de ventas.\nContamos adem\u00e1s con nuestro propio Call center Homologado por Claro para facilitar las operaciones de nuestros clientes sin tener que moverse de su casa.\nY nuestra \u00faltima incorporaci\u00f3n es el equipo de terreno en la ciudad de Santa Fe para llevar el producto BAF (Banda Ancha Fija) a todos los hogares.\nEMAR Phone empresa de telecomunicaciones que tiene como misi\u00f3n que todos estemos m\u00e1s comunicados.<\/p><\/div><\/div>\t\t\t\t<\/div>\n\t\t\t\t\t<\/div>\n\t\t\t\t<\/div>\n\t\t\t\t<\/div>\n\t\t","protected":false},"excerpt":{"rendered":"<p>SOBRE SONOTROS Es una empresa familiar de la ciudad de Pergamino, provincia de Buenos Aires, que naci\u00f3 en el a\u00f1o [&hellip;]<\/p>\n","protected":false},"author":1,"featured_media":0,"parent":0,"menu_order":0,"comment_status":"closed","ping_status":"closed","template":"","meta":{"site-sidebar-layout":"no-sidebar","site-content-layout":"","ast-site-content-layout":"full-width-container","site-content-style":"default","site-sidebar-style":"default","ast-global-header-display":"","ast-banner-title-visibility":"","ast-main-header-display":"","ast-hfb-above-header-display":"","ast-hfb-below-header-display":"","ast-hfb-mobile-header-display":"","site-post-title":"disabled","ast-breadcrumbs-content":"","ast-featured-img":"disabled","footer-sml-layout":"","ast-disable-related-posts":"","theme-transparent-header-meta":"","adv-header-id-meta":"","stick-header-meta":"","header-above-stick-meta":"","header-main-stick-meta":"","header-below-stick-meta":"","astra-migrate-meta-layouts":"default","ast-page-background-enabled":"default","ast-page-background-meta":{"desktop":{"background-color":"var(--ast-global-color-5)","background-image":"","background-repeat":"repeat","background-position":"center center","background-size":"auto","background-attachment":"scroll","background-type":"","background-media":"","overlay-type":"","overlay-color":"","overlay-opacity":"","overlay-gradient":""},"tablet":{"background-color":"","background-image":"","background-repeat":"repeat","background-position":"center center","background-size":"auto","background-attachment":"scroll","background-type":"","background-media":"","overlay-type":"","overlay-color":"","overlay-opacity":"","overlay-gradient":""},"mobile":{"background-color":"","background-image":"","background-repeat":"repeat","background-position":"center center","background-size":"auto","background-attachment":"scroll","background-type":"","background-media":"","overlay-type":"","overlay-color":"","overlay-opacity":"","overlay-gradient":""}},"ast-content-background-meta":{"desktop":{"background-color":"var(--ast-global-color-4)","background-image":"","background-repeat":"repeat","background-position":"center center","background-size":"auto","background-attachment":"scroll","background-type":"","background-media":"","overlay-type":"","overlay-color":"","overlay-opacity":"","overlay-gradient":""},"tablet":{"background-color":"var(--ast-global-color-4)","background-image":"","background-repeat":"repeat","background-position":"center center","background-size":"auto","background-attachment":"scroll","background-type":"","background-media":"","overlay-type":"","overlay-color":"","overlay-opacity":"","overlay-gradient":""},"mobile":{"background-color":"var(--ast-global-color-4)","background-image":"","background-repeat":"repeat","background-position":"center center","background-size":"auto","background-attachment":"scroll","background-type":"","background-media":"","overlay-type":"","overlay-color":"","overlay-opacity":"","overlay-gradient":""}},"footnotes":""},"class_list":["post-257","page","type-page","status-publish","hentry"],"_links":{"self":[{"href":"https:\/\/emarphone.com.ar\/EPWP1\/wp-json\/wp\/v2\/pages\/257","targetHints":{"allow":["GET"]}}],"collection":[{"href":"https:\/\/emarphone.com.ar\/EPWP1\/wp-json\/wp\/v2\/pages"}],"about":[{"href":"https:\/\/emarphone.com.ar\/EPWP1\/wp-json\/wp\/v2\/types\/page"}],"author":[{"embeddable":true,"href":"https:\/\/emarphone.com.ar\/EPWP1\/wp-json\/wp\/v2\/users\/1"}],"replies":[{"embeddable":true,"href":"https:\/\/emarphone.com.ar\/EPWP1\/wp-json\/wp\/v2\/comments?post=257"}],"version-history":[{"count":11,"href":"https:\/\/emarphone.com.ar\/EPWP1\/wp-json\/wp\/v2\/pages\/257\/revisions"}],"predecessor-version":[{"id":269,"href":"https:\/\/emarphone.com.ar\/EPWP1\/wp-json\/wp\/v2\/pages\/257\/revisions\/269"}],"wp:attachment":[{"href":"https:\/\/emarphone.com.ar\/EPWP1\/wp-json\/wp\/v2\/media?parent=257"}],"curies":[{"name":"wp","href":"https:\/\/api.w.org\/{rel}","templated":true}]}}